{"id":90,"date":"2018-02-21T20:55:18","date_gmt":"2018-02-21T20:55:18","guid":{"rendered":"http:\/\/www.skraatilatorholankalastuskunta.fi\/?page_id=90"},"modified":"2018-02-22T16:14:59","modified_gmt":"2018-02-22T16:14:59","slug":"ohjeet-pyydysluvan-ostamiseksi","status":"publish","type":"page","link":"https:\/\/www.skraatilatorholankalastuskunta.fi\/?page_id=90","title":{"rendered":"Ohjeet pyydysluvan ostamiseksi"},"content":{"rendered":"<p><span style=\"color: #000000;\">Mene omaan verkkopankkiin (linkit sivun alalaidassa) ja maksa Skraatila-Torholan kalastuskunnan tilille tarvitsemasi pyydyslupien summa. <\/span><\/p>\n<ul style=\"list-style-type: disc;\">\n<li><span style=\"color: #000000;\">Yhteissumma on sama kuin pyydysm\u00e4\u00e4r\u00e4 x pyydyshinta. <\/span><br \/>\n<span style=\"color: #000000;\">Esimerkki: 28 \u20ac\u00a0\u21d2 (16 \u20ac + 4 \u20ac + 8 \u20ac) \u21d2 4 rapumertaa, 2 katiskaa ja 2 verkkoa<br \/>\n<\/span><\/li>\n<\/ul>\n<p><span style=\"color: #000000;\">Merkitse viesti kohtaan ostamasi tuotteiden lukum\u00e4\u00e4r\u00e4 ja omat yhteystietosi. Yhteystiedoissa tulisi olla nimi, osoite ja puh.numero.<\/span><\/p>\n<p><span style=\"color: #000000;\">Esimerkki: Kalle Kalastaja, Ahventie 10, 00000 Siikala, xxx-123 456.<br \/>\nRapumerta 4, katiska 2, verkko 2.<\/span><\/p>\n<blockquote><p><span style=\"color: #000000;\"><strong>SKRAATILA-TORHOLA KALASTUSKUNTA TILINUMERO <\/strong><\/span><br \/>\n<span style=\"color: #000000;\"><strong>FI77 5236 2120 0180 16<\/strong><\/span><\/p><\/blockquote>\n<p><span style=\"color: #000000;\"><strong>Tunnetuimpien verkkopankkien linkit:<\/strong><\/span><br \/>\n<span style=\"color: #339966;\"><a style=\"color: #339966;\" href=\"https:\/\/www.aktia.fi\/fi\/verkkopankki\" target=\"_blank\" rel=\"noopener\"> Aktian verkkopankki<\/a><\/span><br \/>\n<span style=\"color: #339966;\"> <a style=\"color: #339966;\" href=\"https:\/\/solo1.nordea.fi\/nsp\/login\" target=\"_blank\" rel=\"noopener\">Nordean verkkopankki<\/a><\/span><br \/>\n<span style=\"color: #339966;\"> <a style=\"color: #339966;\" href=\"https:\/\/uusi.op.fi\/\" target=\"_blank\" rel=\"noopener\">Osuuspankin verkkopankki<\/a><\/span><br \/>\n<span style=\"color: #339966;\"> <a style=\"color: #339966;\" href=\"https:\/\/danskebank.fi\/sinulle\" target=\"_blank\" rel=\"noopener\">Sampo Pankin verkkopankki<\/a><\/span><br \/>\n<span style=\"color: #339966;\"> <a style=\"color: #339966;\" href=\"https:\/\/www.handelsbanken.fi\/shb\/inet\/Icentfi.nsf\/vlookupfirstpage\/handelsbankenfi\" target=\"_blank\" rel=\"noopener\">Handelsbankenin verkkopankki<\/a><\/span><br \/>\n<span style=\"color: #339966;\"> <a style=\"color: #339966;\" href=\"http:\/\/www.saastopankki.fi\/etusivu\" target=\"_blank\" rel=\"noopener\">S\u00e4\u00e4st\u00f6pankin verkkopankki<\/a><\/span><br \/>\n<span style=\"color: #339966;\"> <a style=\"color: #339966;\" href=\"https:\/\/online.alandsbanken.fi\/ebank\/auth\/initLogin.do?language=1\" target=\"_blank\" rel=\"noopener\">\u00c5landsbankenin verkkopankki<\/a><\/span><br \/>\n<span style=\"color: #339966;\"> <a style=\"color: #339966;\" href=\"https:\/\/www.poppankki.fi\/henkiloasiakkaat\/paivittaiset-raha-asiat\/asiointi\/verkkopankki\" target=\"_blank\" rel=\"noopener\"> POP-ryhm\u00e4n verkkopankki<\/a><\/span><br \/>\n<span style=\"color: #339966;\"> <a style=\"color: #339966;\" href=\"https:\/\/www.lahitapiola.fi\/henkilo\" target=\"_blank\" rel=\"noopener\"> Tapiolan verkkopankki<\/a><\/span><br \/>\n<span style=\"color: #339966;\"> <a style=\"color: #339966;\" href=\"https:\/\/www.pohjola.fi\/pohjola\/kirjaudu-verkkopalveluihin?id=371000&amp;srcpl=1\" target=\"_blank\" rel=\"noopener\">Pohjolan verkkopankki<\/a><\/span><\/p>\n<p>&nbsp;<\/p>\n","protected":false},"excerpt":{"rendered":"<p>Mene omaan verkkopankkiin (linkit sivun alalaidassa) ja maksa Skraatila-Torholan kalastuskunnan tilille tarvitsemasi pyydyslupien summa. Yhteissumma on sama kuin pyydysm\u00e4\u00e4r\u00e4 x pyydyshinta. Esimerkki: 28 \u20ac\u00a0\u21d2 (16 \u20ac + 4 \u20ac + 8 \u20ac) \u21d2 4 rapumertaa, 2 katiskaa ja 2 verkkoa Merkitse viesti kohtaan ostamasi tuotteiden lukum\u00e4\u00e4r\u00e4 ja omat yhteystietosi. Yhteystiedoissa tulisi olla nimi, osoite ja puh.numero. Esimerkki: Kalle Kalastaja, Ahventie 10, 00000 Siikala, xxx-123 456. Rapumerta 4, katiska 2, verkko 2. SKRAATILA-TORHOLA KALASTUSKUNTA TILINUMERO FI77 5236 2120 0180 16 Tunnetuimpien&hellip;<\/p>\n","protected":false},"author":1,"featured_media":0,"parent":0,"menu_order":0,"comment_status":"closed","ping_status":"closed","template":"","meta":[],"_links":{"self":[{"href":"https:\/\/www.skraatilatorholankalastuskunta.fi\/index.php?rest_route=\/wp\/v2\/pages\/90"}],"collection":[{"href":"https:\/\/www.skraatilatorholankalastuskunta.fi\/index.php?rest_route=\/wp\/v2\/pages"}],"about":[{"href":"https:\/\/www.skraatilatorholankalastuskunta.fi\/index.php?rest_route=\/wp\/v2\/types\/page"}],"author":[{"embeddable":true,"href":"https:\/\/www.skraatilatorholankalastuskunta.fi\/index.php?rest_route=\/wp\/v2\/users\/1"}],"replies":[{"embeddable":true,"href":"https:\/\/www.skraatilatorholankalastuskunta.fi\/index.php?rest_route=%2Fwp%2Fv2%2Fcomments&post=90"}],"version-history":[{"count":6,"href":"https:\/\/www.skraatilatorholankalastuskunta.fi\/index.php?rest_route=\/wp\/v2\/pages\/90\/revisions"}],"predecessor-version":[{"id":113,"href":"https:\/\/www.skraatilatorholankalastuskunta.fi\/index.php?rest_route=\/wp\/v2\/pages\/90\/revisions\/113"}],"wp:attachment":[{"href":"https:\/\/www.skraatilatorholankalastuskunta.fi\/index.php?rest_route=%2Fwp%2Fv2%2Fmedia&parent=90"}],"curies":[{"name":"wp","href":"https:\/\/api.w.org\/{rel}","templated":true}]}}