{"id":7,"date":"2018-02-15T15:59:41","date_gmt":"2018-02-15T15:59:41","guid":{"rendered":"http:\/\/www.skraatilatorholankalastuskunta.fi\/?page_id=7"},"modified":"2018-02-28T19:23:55","modified_gmt":"2018-02-28T19:23:55","slug":"etusivu","status":"publish","type":"page","link":"https:\/\/www.skraatilatorholankalastuskunta.fi\/","title":{"rendered":"Etusivu"},"content":{"rendered":"<p><a href=\"http:\/\/www.skraatilatorholankalastuskunta.fi\/wp-content\/uploads\/2018\/02\/Skraatilan-etusivu-1-1.gif\"><img decoding=\"async\" loading=\"lazy\" class=\"alignnone wp-image-71 size-full\" src=\"http:\/\/www.skraatilatorholankalastuskunta.fi\/wp-content\/uploads\/2018\/02\/Skraatilan-etusivu-1-1.gif\" alt=\"Skraatilan-etusivu-1\" width=\"2500\" height=\"1200\" \/><\/a><\/p>\n<p><span style=\"color: #000000;\">Skraatila-Torholan kalastuskunta hallitsee n. 380 hehtaarin vesialuetta. Kalastuskuntaan kuuluu n. 120 osakasta, joilla on oikeus yhteiseen vesialueeseen.<br \/>\n<\/span><span style=\"color: #000000;\">Vesialue on p\u00e4\u00e4osin Karkalinniemess\u00e4 Skraatilan ja Torholan kylien etel\u00e4puolella. <\/span><span style=\"color: #000000;\">Alueeseen kuuluu muun muassa Selk\u00e4saaret. Saaret on rauhoitettu ja ovat olleet luonnonsuojelu alueena vuodesta 2009. <\/span><\/p>\n<ul>\n<li><span style=\"color: #000000;\">Saarissa voi p\u00e4iv\u00e4retkeill\u00e4, uida ja onkia. Kielletty\u00e4 on avotulenteko ja y\u00f6pyminen. <\/span><\/li>\n<li><span style=\"color: #000000;\">Pohjoisin pieni saari on t\u00e4ysin rauhoitettu lintujen pesim\u00e4aikana 1.5 &#8211; 30.8.<\/span><\/li>\n<\/ul>\n<p><span style=\"color: #000000;\"><strong>Alueeseen kuuluvat:<br \/>\n<\/strong><\/span><span style=\"color: #000000;\">Kokonaisuudessaan Vehkalampi, Kaitalampi ja Suutarlampi.<br \/>\n<\/span><span style=\"color: #000000;\">Osittaisena kuuluvat my\u00f6s S\u00e4rkilampi ja Myllylampi.<br \/>\n<\/span><span style=\"color: #000000;\">Alueeseen kuuluu my\u00f6s Pitk\u00e4nper\u00e4nlahti.<\/span><\/p>\n<p><span style=\"color: #000000;\"> Yhteyshenkil\u00f6ilt\u00e4 voi tarvittaessa tarkistaa oikeuden yhteisiin vesialueisiin. Puhelinnumerot l\u00f6ytyv\u00e4t yhteystiedoista.<\/span><\/p>\n<p><span style=\"color: #000000;\">Uutena asiana on pyydyksen merkitseminen omilla yhteystiedoilla. Yhteystiedot voi kirjoittaa vedenkest\u00e4v\u00e4ll\u00e4 tussilla mihin tahansa muoviseen lappuun. Tekstin tulee s\u00e4ily\u00e4 koko kalastuskauden ajan luettavassa muodossa.<\/span><\/p>\n<p><span style=\"color: #000000;\">N\u00e4ilt\u00e4 sivuilta l\u00f6yd\u00e4t sek\u00e4 ohjeet pyydysluvan ostamiseksi sek\u00e4 oikean tavan pyydyksen merkitsemiseen.<\/span><\/p>\n<p><span style=\"color: #000000;\">Sivuilla on my\u00f6s yhteydenotto lomake, jolla voit l\u00e4hett\u00e4\u00e4 viesti\u00e4 tai mit\u00e4 tahansa asiaan liittyv\u00e4\u00e4 kysymyst\u00e4 luvan myyj\u00e4lle.<\/span><\/p>\n","protected":false},"excerpt":{"rendered":"<p>Skraatila-Torholan kalastuskunta hallitsee n. 380 hehtaarin vesialuetta. Kalastuskuntaan kuuluu n. 120 osakasta, joilla on oikeus yhteiseen vesialueeseen. Vesialue on p\u00e4\u00e4osin Karkalinniemess\u00e4 Skraatilan ja Torholan kylien etel\u00e4puolella. Alueeseen kuuluu muun muassa Selk\u00e4saaret. Saaret on rauhoitettu ja ovat olleet luonnonsuojelu alueena vuodesta 2009. Saarissa voi p\u00e4iv\u00e4retkeill\u00e4, uida ja onkia. Kielletty\u00e4 on avotulenteko ja y\u00f6pyminen. Pohjoisin pieni saari on t\u00e4ysin rauhoitettu lintujen pesim\u00e4aikana 1.5 &#8211; 30.8. Alueeseen kuuluvat: Kokonaisuudessaan Vehkalampi, Kaitalampi ja Suutarlampi. Osittaisena kuuluvat my\u00f6s S\u00e4rkilampi ja Myllylampi. Alueeseen kuuluu my\u00f6s Pitk\u00e4nper\u00e4nlahti.&hellip;<\/p>\n","protected":false},"author":1,"featured_media":0,"parent":0,"menu_order":0,"comment_status":"closed","ping_status":"closed","template":"","meta":[],"_links":{"self":[{"href":"https:\/\/www.skraatilatorholankalastuskunta.fi\/index.php?rest_route=\/wp\/v2\/pages\/7"}],"collection":[{"href":"https:\/\/www.skraatilatorholankalastuskunta.fi\/index.php?rest_route=\/wp\/v2\/pages"}],"about":[{"href":"https:\/\/www.skraatilatorholankalastuskunta.fi\/index.php?rest_route=\/wp\/v2\/types\/page"}],"author":[{"embeddable":true,"href":"https:\/\/www.skraatilatorholankalastuskunta.fi\/index.php?rest_route=\/wp\/v2\/users\/1"}],"replies":[{"embeddable":true,"href":"https:\/\/www.skraatilatorholankalastuskunta.fi\/index.php?rest_route=%2Fwp%2Fv2%2Fcomments&post=7"}],"version-history":[{"count":24,"href":"https:\/\/www.skraatilatorholankalastuskunta.fi\/index.php?rest_route=\/wp\/v2\/pages\/7\/revisions"}],"predecessor-version":[{"id":128,"href":"https:\/\/www.skraatilatorholankalastuskunta.fi\/index.php?rest_route=\/wp\/v2\/pages\/7\/revisions\/128"}],"wp:attachment":[{"href":"https:\/\/www.skraatilatorholankalastuskunta.fi\/index.php?rest_route=%2Fwp%2Fv2%2Fmedia&parent=7"}],"curies":[{"name":"wp","href":"https:\/\/api.w.org\/{rel}","templated":true}]}}