{"id":42,"date":"2018-02-16T15:42:05","date_gmt":"2018-02-16T15:42:05","guid":{"rendered":"http:\/\/www.skraatilatorholankalastuskunta.fi\/?page_id=42"},"modified":"2018-02-21T21:24:40","modified_gmt":"2018-02-21T21:24:40","slug":"pyydysten-merkkaaminen","status":"publish","type":"page","link":"https:\/\/www.skraatilatorholankalastuskunta.fi\/?page_id=42","title":{"rendered":"Pyydysten merkkaaminen"},"content":{"rendered":"<h4><span style=\"color: #000000;\">HUOMIOITAVAA:<\/span><\/h4>\n<p><span style=\"color: #000000;\">Skraatila-torhola kalastuskunta ei vaadi pyydyksien merkinn\u00e4ss\u00e4 pyydysmerkki\u00e4. pyydysmerkin korvaa yhteystietolipuke, johon vedenkest\u00e4v\u00e4ll\u00e4 tussilla on kirjoitettu yhteystiedot.<\/span><\/p>\n<p><span style=\"color: #000000;\">Yhteystietolipuke voi olla mik\u00e4 tahansa itsekin tehty lipuke, jossa vedenkest\u00e4v\u00e4ll\u00e4 tussilla tehdyt merkinn\u00e4t s\u00e4ilyv\u00e4t luettavana.<\/span><\/p>\n<ul>\n<li><span style=\"color: #000000;\">Yhteystietona oma nimi, osoite tai puhelinnumero.<\/span><\/li>\n<li><span style=\"color: #000000;\">Yhteystietolipuke tulee olla lippusalossa tai pintakohossa<\/span><\/li>\n<li><span style=\"color: #000000;\">Pyydys josta yhteystietomerkint\u00e4 puuttuu, katsotaan valvonnassa laittomaksi pyydykseksi.<\/span><\/li>\n<\/ul>\n<p><span style=\"color: #000000;\">Katso oheisesta pdf-tiedostosta tarkemmin miten pyydykset pit\u00e4\u00e4 merkit\u00e4.<\/span><\/p>\n<p><a href=\"http:\/\/www.skraatilatorholankalastuskunta.fi\/wp-content\/uploads\/2018\/02\/Pyydysten-merkinta.pdf\"><strong>Ohjeet pyydysten merkitsemiseen!<\/strong><\/a><\/p>\n","protected":false},"excerpt":{"rendered":"<p>HUOMIOITAVAA: Skraatila-torhola kalastuskunta ei vaadi pyydyksien merkinn\u00e4ss\u00e4 pyydysmerkki\u00e4. pyydysmerkin korvaa yhteystietolipuke, johon vedenkest\u00e4v\u00e4ll\u00e4 tussilla on kirjoitettu yhteystiedot. Yhteystietolipuke voi olla mik\u00e4 tahansa itsekin tehty lipuke, jossa vedenkest\u00e4v\u00e4ll\u00e4 tussilla tehdyt merkinn\u00e4t s\u00e4ilyv\u00e4t luettavana. Yhteystietona oma nimi, osoite tai puhelinnumero. Yhteystietolipuke tulee olla lippusalossa tai pintakohossa Pyydys josta yhteystietomerkint\u00e4 puuttuu, katsotaan valvonnassa laittomaksi pyydykseksi. Katso oheisesta pdf-tiedostosta tarkemmin miten pyydykset pit\u00e4\u00e4 merkit\u00e4. Ohjeet pyydysten merkitsemiseen!<\/p>\n","protected":false},"author":1,"featured_media":0,"parent":0,"menu_order":0,"comment_status":"closed","ping_status":"closed","template":"","meta":[],"_links":{"self":[{"href":"https:\/\/www.skraatilatorholankalastuskunta.fi\/index.php?rest_route=\/wp\/v2\/pages\/42"}],"collection":[{"href":"https:\/\/www.skraatilatorholankalastuskunta.fi\/index.php?rest_route=\/wp\/v2\/pages"}],"about":[{"href":"https:\/\/www.skraatilatorholankalastuskunta.fi\/index.php?rest_route=\/wp\/v2\/types\/page"}],"author":[{"embeddable":true,"href":"https:\/\/www.skraatilatorholankalastuskunta.fi\/index.php?rest_route=\/wp\/v2\/users\/1"}],"replies":[{"embeddable":true,"href":"https:\/\/www.skraatilatorholankalastuskunta.fi\/index.php?rest_route=%2Fwp%2Fv2%2Fcomments&post=42"}],"version-history":[{"count":6,"href":"https:\/\/www.skraatilatorholankalastuskunta.fi\/index.php?rest_route=\/wp\/v2\/pages\/42\/revisions"}],"predecessor-version":[{"id":96,"href":"https:\/\/www.skraatilatorholankalastuskunta.fi\/index.php?rest_route=\/wp\/v2\/pages\/42\/revisions\/96"}],"wp:attachment":[{"href":"https:\/\/www.skraatilatorholankalastuskunta.fi\/index.php?rest_route=%2Fwp%2Fv2%2Fmedia&parent=42"}],"curies":[{"name":"wp","href":"https:\/\/api.w.org\/{rel}","templated":true}]}}