{"id":40,"date":"2018-02-16T15:41:48","date_gmt":"2018-02-16T15:41:48","guid":{"rendered":"http:\/\/www.skraatilatorholankalastuskunta.fi\/?page_id=40"},"modified":"2018-02-16T17:29:42","modified_gmt":"2018-02-16T17:29:42","slug":"yhteydenotto","status":"publish","type":"page","link":"https:\/\/www.skraatilatorholankalastuskunta.fi\/?page_id=40","title":{"rendered":"Yhteydenotto"},"content":{"rendered":"<div class=\"wpforms-container wpforms-container-full\" id=\"wpforms-60\"><form id=\"wpforms-form-60\" class=\"wpforms-validate wpforms-form\" data-formid=\"60\" method=\"post\" enctype=\"multipart\/form-data\" action=\"\/index.php?rest_route=%2Fwp%2Fv2%2Fpages%2F40\" data-token=\"253e966e526d957215f9f2ba0922f356\"><noscript class=\"wpforms-error-noscript\">Please enable JavaScript in your browser to complete this form.<\/noscript><div class=\"wpforms-field-container\"><div id=\"wpforms-60-field_0-container\" class=\"wpforms-field wpforms-field-name\" data-field-id=\"0\"><label class=\"wpforms-field-label\" for=\"wpforms-60-field_0\">Etu- ja sukunimi <span class=\"wpforms-required-label\">*<\/span><\/label><input type=\"text\" id=\"wpforms-60-field_0\" class=\"wpforms-field-medium wpforms-field-required\" name=\"wpforms[fields][0]\" required><\/div><div id=\"wpforms-60-field_1-container\" class=\"wpforms-field wpforms-field-email\" data-field-id=\"1\"><label class=\"wpforms-field-label\" for=\"wpforms-60-field_1\">S\u00e4hk\u00f6postiosoite <span class=\"wpforms-required-label\">*<\/span><\/label><input type=\"email\" id=\"wpforms-60-field_1\" class=\"wpforms-field-medium wpforms-field-required\" name=\"wpforms[fields][1]\" spellcheck=\"false\" required><\/div><div id=\"wpforms-60-field_2-container\" class=\"wpforms-field wpforms-field-textarea\" data-field-id=\"2\"><label class=\"wpforms-field-label\" for=\"wpforms-60-field_2\">Viesti <span class=\"wpforms-required-label\">*<\/span><\/label><textarea id=\"wpforms-60-field_2\" class=\"wpforms-field-medium wpforms-field-required\" name=\"wpforms[fields][2]\" required><\/textarea><\/div><\/div><!-- .wpforms-field-container --><div class=\"wpforms-field wpforms-field-hp\"><label for=\"wpforms-60-field-hp\" class=\"wpforms-field-label\">Phone<\/label><input type=\"text\" name=\"wpforms[hp]\" id=\"wpforms-60-field-hp\" class=\"wpforms-field-medium\"><\/div><div class=\"wpforms-submit-container\" ><input type=\"hidden\" name=\"wpforms[id]\" value=\"60\"><input type=\"hidden\" name=\"wpforms[author]\" value=\"1\"><button type=\"submit\" name=\"wpforms[submit]\" id=\"wpforms-submit-60\" class=\"wpforms-submit\" data-alt-text=\"Viesti\u00e4 l\u00e4hetet\u00e4\u00e4n...\" data-submit-text=\"L\u00e4het\u00e4\" aria-live=\"assertive\" value=\"wpforms-submit\">L\u00e4het\u00e4<\/button><\/div><\/form><\/div>  <!-- .wpforms-container -->\n","protected":false},"excerpt":{"rendered":"","protected":false},"author":1,"featured_media":0,"parent":0,"menu_order":0,"comment_status":"closed","ping_status":"closed","template":"","meta":[],"_links":{"self":[{"href":"https:\/\/www.skraatilatorholankalastuskunta.fi\/index.php?rest_route=\/wp\/v2\/pages\/40"}],"collection":[{"href":"https:\/\/www.skraatilatorholankalastuskunta.fi\/index.php?rest_route=\/wp\/v2\/pages"}],"about":[{"href":"https:\/\/www.skraatilatorholankalastuskunta.fi\/index.php?rest_route=\/wp\/v2\/types\/page"}],"author":[{"embeddable":true,"href":"https:\/\/www.skraatilatorholankalastuskunta.fi\/index.php?rest_route=\/wp\/v2\/users\/1"}],"replies":[{"embeddable":true,"href":"https:\/\/www.skraatilatorholankalastuskunta.fi\/index.php?rest_route=%2Fwp%2Fv2%2Fcomments&post=40"}],"version-history":[{"count":2,"href":"https:\/\/www.skraatilatorholankalastuskunta.fi\/index.php?rest_route=\/wp\/v2\/pages\/40\/revisions"}],"predecessor-version":[{"id":61,"href":"https:\/\/www.skraatilatorholankalastuskunta.fi\/index.php?rest_route=\/wp\/v2\/pages\/40\/revisions\/61"}],"wp:attachment":[{"href":"https:\/\/www.skraatilatorholankalastuskunta.fi\/index.php?rest_route=%2Fwp%2Fv2%2Fmedia&parent=40"}],"curies":[{"name":"wp","href":"https:\/\/api.w.org\/{rel}","templated":true}]}}