{"id":36,"date":"2018-02-16T15:41:01","date_gmt":"2018-02-16T15:41:01","guid":{"rendered":"http:\/\/www.skraatilatorholankalastuskunta.fi\/?page_id=36"},"modified":"2018-02-22T16:21:29","modified_gmt":"2018-02-22T16:21:29","slug":"pyydysten-hinnat","status":"publish","type":"page","link":"https:\/\/www.skraatilatorholankalastuskunta.fi\/?page_id=36","title":{"rendered":"Pyydysten hinnat"},"content":{"rendered":"<h4><span style=\"color: #000000;\">PYYDYSTEN HINNAT<\/span><\/h4>\n<table style=\"background-color: #f7f5f5; border-color: #000000;\" border=\"2\">\n<tbody>\n<tr>\n<td><span style=\"color: #000000;\"><strong>Pyydys<\/strong><\/span><\/td>\n<td style=\"text-align: center;\"><span style=\"color: #000000;\"><strong>Enimm\u00e4ism\u00e4\u00e4r\u00e4, kpl<\/strong><\/span><\/td>\n<td style=\"text-align: center;\"><span style=\"color: #000000;\"><strong>Hinta \u20ac\/kpl<\/strong><\/span><\/td>\n<\/tr>\n<tr>\n<td><span style=\"color: #000000;\">Verkko<\/span><\/td>\n<td style=\"text-align: center;\"><span style=\"color: #000000;\">4<\/span><\/td>\n<td style=\"text-align: center;\"><span style=\"color: #000000;\">4 \u20ac<\/span><\/td>\n<\/tr>\n<tr>\n<td><span style=\"color: #000000;\">Katiska<\/span><\/td>\n<td style=\"text-align: center;\"><span style=\"color: #000000;\">5<\/span><\/td>\n<td style=\"text-align: center;\"><span style=\"color: #000000;\">2 \u20ac<\/span><\/td>\n<\/tr>\n<tr>\n<td><span style=\"color: #000000;\">Rys\u00e4<\/span><\/td>\n<td style=\"text-align: center;\"><span style=\"color: #000000;\">3<\/span><\/td>\n<td style=\"text-align: center;\"><span style=\"color: #000000;\">2 \u20ac<\/span><\/td>\n<\/tr>\n<tr>\n<td><span style=\"color: #000000;\">Heittouistin<\/span><\/td>\n<td style=\"text-align: center;\"><span style=\"color: #000000;\">3<\/span><\/td>\n<td style=\"text-align: center;\"><span style=\"color: #000000;\">3 \u20ac<\/span><\/td>\n<\/tr>\n<tr>\n<td><span style=\"color: #000000;\">Pitk\u00e4siima<\/span><\/td>\n<td style=\"text-align: center;\"><span style=\"color: #000000;\">1<\/span><\/td>\n<td style=\"text-align: center;\"><span style=\"color: #000000;\">5 \u20ac<\/span><\/td>\n<\/tr>\n<tr>\n<td><span style=\"color: #000000;\">Rapumerta<\/span><\/td>\n<td style=\"text-align: center;\"><span style=\"color: #000000;\">5<\/span><\/td>\n<td style=\"text-align: center;\"><span style=\"color: #000000;\">4 \u20ac<\/span><\/td>\n<\/tr>\n<tr>\n<td><span style=\"color: #000000;\">Verkko (ulkopuolinen)<\/span><\/td>\n<td style=\"text-align: center;\"><span style=\"color: #000000;\">1<\/span><\/td>\n<td style=\"text-align: center;\"><span style=\"color: #000000;\">7 \u20ac<\/span><\/td>\n<\/tr>\n<\/tbody>\n<\/table>\n<blockquote><p><span style=\"color: #000000;\">Verkon maksimikorkeus 3 m ja silm\u00e4koko v\u00e4hint\u00e4\u00e4n 55 mm.<\/span><\/p><\/blockquote>\n<h4><span style=\"color: #000000;\">HUOMIOITAVAA:<\/span><\/h4>\n<p><span style=\"color: #000000;\">Skraatila-Torholan kalastuskunta ei vaadi pyydyksien merkinn\u00e4ss\u00e4 pyydysmerkki\u00e4. pyydysmerkin korvaa yhteystietolipuke, johon vedenkest\u00e4v\u00e4ll\u00e4 tussilla on kirjoitettu yhteystiedot.<br \/>\n<\/span><\/p>\n<p><span style=\"color: #000000;\">Yhteystietolipuke voi olla mik\u00e4 tahansa itsekin tehty lipuke, jossa vedenkest\u00e4v\u00e4ll\u00e4 tussilla tehdyt merkinn\u00e4t s\u00e4ilyv\u00e4t luettavana.<\/span><\/p>\n<ul>\n<li><span style=\"color: #000000;\">Yhteystietona oma nimi, osoite tai puhelinnumero<\/span><\/li>\n<li><span style=\"color: #000000;\">Yhteystietolipuke tulee olla lippusalossa tai pintakohossa<\/span><\/li>\n<\/ul>\n<blockquote><p><strong><span style=\"color: #000000;\">Pyydys josta yhteystietomerkint\u00e4 puuttuu, katsotaan valvonnassa laittomaksi pyydykseksi.<\/span><\/strong><\/p><\/blockquote>\n<h4><span style=\"color: #000000;\">LIS\u00c4TIETOJA:<\/span><\/h4>\n<ul>\n<li><span style=\"color: #000000;\">Liisa Kanninen, puh. 040 847 7932<\/span><\/li>\n<li><span style=\"color: #000000;\">Arvi H\u00e4gglund, puh. 040 589 0487<\/span><\/li>\n<\/ul>\n","protected":false},"excerpt":{"rendered":"<p>PYYDYSTEN HINNAT Pyydys Enimm\u00e4ism\u00e4\u00e4r\u00e4, kpl Hinta \u20ac\/kpl Verkko 4 4 \u20ac Katiska 5 2 \u20ac Rys\u00e4 3 2 \u20ac Heittouistin 3 3 \u20ac Pitk\u00e4siima 1 5 \u20ac Rapumerta 5 4 \u20ac Verkko (ulkopuolinen) 1 7 \u20ac Verkon maksimikorkeus 3 m ja silm\u00e4koko v\u00e4hint\u00e4\u00e4n 55 mm. HUOMIOITAVAA: Skraatila-Torholan kalastuskunta ei vaadi pyydyksien merkinn\u00e4ss\u00e4 pyydysmerkki\u00e4. pyydysmerkin korvaa yhteystietolipuke, johon vedenkest\u00e4v\u00e4ll\u00e4 tussilla on kirjoitettu yhteystiedot. Yhteystietolipuke voi olla mik\u00e4 tahansa itsekin tehty lipuke, jossa vedenkest\u00e4v\u00e4ll\u00e4 tussilla tehdyt merkinn\u00e4t s\u00e4ilyv\u00e4t luettavana. Yhteystietona oma nimi,&hellip;<\/p>\n","protected":false},"author":1,"featured_media":0,"parent":0,"menu_order":0,"comment_status":"closed","ping_status":"closed","template":"","meta":[],"_links":{"self":[{"href":"https:\/\/www.skraatilatorholankalastuskunta.fi\/index.php?rest_route=\/wp\/v2\/pages\/36"}],"collection":[{"href":"https:\/\/www.skraatilatorholankalastuskunta.fi\/index.php?rest_route=\/wp\/v2\/pages"}],"about":[{"href":"https:\/\/www.skraatilatorholankalastuskunta.fi\/index.php?rest_route=\/wp\/v2\/types\/page"}],"author":[{"embeddable":true,"href":"https:\/\/www.skraatilatorholankalastuskunta.fi\/index.php?rest_route=\/wp\/v2\/users\/1"}],"replies":[{"embeddable":true,"href":"https:\/\/www.skraatilatorholankalastuskunta.fi\/index.php?rest_route=%2Fwp%2Fv2%2Fcomments&post=36"}],"version-history":[{"count":11,"href":"https:\/\/www.skraatilatorholankalastuskunta.fi\/index.php?rest_route=\/wp\/v2\/pages\/36\/revisions"}],"predecessor-version":[{"id":117,"href":"https:\/\/www.skraatilatorholankalastuskunta.fi\/index.php?rest_route=\/wp\/v2\/pages\/36\/revisions\/117"}],"wp:attachment":[{"href":"https:\/\/www.skraatilatorholankalastuskunta.fi\/index.php?rest_route=%2Fwp%2Fv2%2Fmedia&parent=36"}],"curies":[{"name":"wp","href":"https:\/\/api.w.org\/{rel}","templated":true}]}}